{"id":15232,"date":"2024-08-05T08:02:36","date_gmt":"2024-08-05T01:02:36","guid":{"rendered":"https:\/\/westlakevinhphuc.com\/dreamland-premium-kids-cafe\/"},"modified":"2024-09-05T11:20:00","modified_gmt":"2024-09-05T04:20:00","slug":"dreamland-premium-kids-cafe","status":"publish","type":"page","link":"https:\/\/westlakevinhphuc.com\/en\/facilities\/dreamland-premium-kids-cafe\/","title":{"rendered":"Dreamland Premium Kids Cafe"},"content":{"rendered":"\t\t<div data-elementor-type=\"wp-page\" data-elementor-id=\"15232\" class=\"elementor elementor-15232 elementor-12814\" data-elementor-post-type=\"page\">\n\t\t\t\t<div data-dce-background-image-url=\"https:\/\/westlakevinhphuc.com\/wp-content\/uploads\/2024\/08\/zGIO_4538-1.jpg\" class=\"elementor-element elementor-element-08e2649 e-con-full e-flex e-con e-parent\" data-id=\"08e2649\" data-element_type=\"container\" data-settings=\"{&quot;background_background&quot;:&quot;classic&quot;}\">\n\t\t\t\t<\/div>\n\t\t<div class=\"elementor-element elementor-element-033bd3b e-con-full e-flex e-con e-parent\" data-id=\"033bd3b\" data-element_type=\"container\" data-settings=\"{&quot;background_background&quot;:&quot;classic&quot;}\">\n\t\t<div class=\"elementor-element elementor-element-effeeab e-con-full qodef-elementor-content-grid e-flex e-con e-child\" data-id=\"effeeab\" data-element_type=\"container\">\n\t\t<div class=\"elementor-element elementor-element-7f05a61 e-con-full e-flex e-con e-child\" data-id=\"7f05a61\" data-element_type=\"container\">\n\t\t<div class=\"elementor-element elementor-element-b86aa0b e-con-full e-flex e-con e-child\" data-id=\"b86aa0b\" data-element_type=\"container\">\n\t\t\t\t<div class=\"elementor-element elementor-element-a73f3ec elementor-widget__width-initial elementor-widget-tablet__width-inherit elementor-widget elementor-widget-carsten_core_section_title\" data-id=\"a73f3ec\" data-element_type=\"widget\" data-widget_type=\"carsten_core_section_title.default\">\n\t\t\t\t<div class=\"elementor-widget-container\">\n\t\t\t<div class=\"qodef-shortcode qodef-m  qodef-section-title qodef-alignment--left \">\n\t\t<h2 class=\"qodef-m-title\" style=\"color: #FFFFFF;text-transform: uppercase\">\n\t\t\t\t\tDreamland Premium Kids Cafe\t\t\t<\/h2>\n\t\t<\/div>\n\t\t<\/div>\n\t\t\t\t<\/div>\n\t\t\t\t<\/div>\n\t\t<div class=\"elementor-element elementor-element-03bb043 e-con-full e-flex e-con e-child\" data-id=\"03bb043\" data-element_type=\"container\">\n\t\t\t\t<div class=\"elementor-element elementor-element-d282e8e elementor-widget__width-initial elementor-widget-tablet__width-inherit elementor-widget elementor-widget-carsten_core_section_title\" data-id=\"d282e8e\" data-element_type=\"widget\" data-widget_type=\"carsten_core_section_title.default\">\n\t\t\t\t<div class=\"elementor-widget-container\">\n\t\t\t<div class=\"qodef-shortcode qodef-m  qodef-section-title qodef-alignment--left \">\n\t\t<h5 class=\"qodef-m-title\" style=\"color: #D7B161\">\n\t\t\t\t\tOpening hours\t\t\t<\/h5>\n\t\t\t<p class=\"qodef-m-text\" style=\"margin-top: 5px;color: #FFFFFF\">06:30 - 22:00<\/p>\n<\/div>\n\t\t<\/div>\n\t\t\t\t<\/div>\n\t\t\t\t<\/div>\n\t\t<div class=\"elementor-element elementor-element-8aecae8 e-con-full e-flex e-con e-child\" data-id=\"8aecae8\" data-element_type=\"container\">\n\t\t\t\t<div class=\"elementor-element elementor-element-bb10345 elementor-widget__width-inherit elementor-widget elementor-widget-carsten_core_section_title\" data-id=\"bb10345\" data-element_type=\"widget\" data-widget_type=\"carsten_core_section_title.default\">\n\t\t\t\t<div class=\"elementor-widget-container\">\n\t\t\t<div class=\"qodef-shortcode qodef-m  qodef-section-title qodef-alignment--left \">\n\t\t<h5 class=\"qodef-m-title\" style=\"color: #D7B161\">\n\t\t\t\t\tHotline:\t\t\t<\/h5>\n\t\t<\/div>\n\t\t<\/div>\n\t\t\t\t<\/div>\n\t\t\t\t<div class=\"elementor-element elementor-element-542bf4c elementor-widget__width-inherit qode--has-custom-underline elementor-widget elementor-widget-text-editor\" data-id=\"542bf4c\" data-element_type=\"widget\" data-widget_type=\"text-editor.default\">\n\t\t\t\t<div class=\"elementor-widget-container\">\n\t\t\t<style>\/*! elementor - v3.23.0 - 05-08-2024 *\/\n.elementor-widget-text-editor.elementor-drop-cap-view-stacked .elementor-drop-cap{background-color:#69727d;color:#fff}.elementor-widget-text-editor.elementor-drop-cap-view-framed .elementor-drop-cap{color:#69727d;border:3px solid;background-color:transparent}.elementor-widget-text-editor:not(.elementor-drop-cap-view-default) .elementor-drop-cap{margin-top:8px}.elementor-widget-text-editor:not(.elementor-drop-cap-view-default) .elementor-drop-cap-letter{width:1em;height:1em}.elementor-widget-text-editor .elementor-drop-cap{float:left;text-align:center;line-height:1;font-size:50px}.elementor-widget-text-editor .elementor-drop-cap-letter{display:inline-block}<\/style>\t\t\t\t<p><span style=\"color: #ffffff;\"><a style=\"color: #ffffff;\" href=\"tel:(+84) 211 633 5666\">(+84) 211 633 5666<\/a> \/ <a style=\"color: #ffffff;\" href=\"tel:(+84) 328 310 658\">(+84) 328 310 658<\/a><\/span><\/p>\n\t\t\t\t\t\t<\/div>\n\t\t\t\t<\/div>\n\t\t\t\t<\/div>\n\t\t\t\t<\/div>\n\t\t<div class=\"elementor-element elementor-element-49dd5c9 e-con-full e-flex e-con e-child\" data-id=\"49dd5c9\" data-element_type=\"container\">\n\t\t\t\t<div class=\"elementor-element elementor-element-0874e22 elementor-widget elementor-widget-text-editor\" data-id=\"0874e22\" data-element_type=\"widget\" data-widget_type=\"text-editor.default\">\n\t\t\t\t<div class=\"elementor-widget-container\">\n\t\t\t\t\t\t\t<p>Founded with the desire to create a Happy Space for families with young children, this place is a high end play area, combined with a cafe restaurant for all ages. When you come to Dreamland Premium Kids Caf\u00e9, you will also experience the most unique Photobooth photography service. Let\u2019s save beautiful memories with your friends, family, and lover with the most impressive images.<\/p>\n\t\t\t\t\t\t<\/div>\n\t\t\t\t<\/div>\n\t\t\t\t<\/div>\n\t\t\t\t<\/div>\n\t\t\t\t<\/div>\n\t\t<div class=\"elementor-element elementor-element-6f60356 e-con-full e-flex e-con e-parent\" data-id=\"6f60356\" data-element_type=\"container\" data-settings=\"{&quot;background_background&quot;:&quot;classic&quot;}\">\n\t\t\t\t<div class=\"elementor-element elementor-element-f9b3884 elementor-widget elementor-widget-carsten_core_image_gallery\" data-id=\"f9b3884\" data-element_type=\"widget\" data-widget_type=\"carsten_core_image_gallery.default\">\n\t\t\t\t<div class=\"elementor-widget-container\">\n\t\t\t<div class=\"qodef-shortcode qodef-m  qodef-image-gallery    qodef--light qodef-hover--overlay qodef-grid qodef-swiper-container  qodef-gutter--custom  qodef-col-num--2.2  qodef-responsive--custom qodef-col-num--1512--2.2 qodef-col-num--1368--2.2 qodef-col-num--1200--2.2 qodef-col-num--1024--2.2 qodef-col-num--880--2.2 qodef-col-num--680--1\" style=\"--qode-gutter-custom: 60px;--qode-gutter-custom-1512: 60px;--qode-gutter-custom-1200: 40px;--qode-gutter-custom-880: 40px;--qode-gutter-custom-680: 0px\" data-options=\"{&quot;spaceBetween&quot;:60,&quot;spaceBetween1512&quot;:60,&quot;spaceBetween1200&quot;:40,&quot;spaceBetween880&quot;:40,&quot;slidesPerView&quot;:2.2,&quot;loop&quot;:true,&quot;autoplay&quot;:true,&quot;speed&quot;:&quot;&quot;,&quot;speedAnimation&quot;:&quot;&quot;,&quot;slideAnimation&quot;:&quot;&quot;,&quot;direction&quot;:&quot;&quot;,&quot;reverseDirection&quot;:false,&quot;centeredSlides&quot;:true,&quot;sliderScroll&quot;:&quot;&quot;,&quot;loopedSlides&quot;:&quot;&quot;,&quot;hiddenSlides&quot;:&quot;&quot;,&quot;partialColumn&quot;:true,&quot;partialColumnValue&quot;:&quot;0.2&quot;,&quot;customStages&quot;:true,&quot;slidesPerView1512&quot;:2.2,&quot;slidesPerView1368&quot;:2.2,&quot;slidesPerView1200&quot;:2.2,&quot;slidesPerView1024&quot;:2.2,&quot;slidesPerView880&quot;:2.2,&quot;slidesPerView680&quot;:&quot;1&quot;}\">\n\t<div class=\"swiper-wrapper\">\n\t\t<div class=\"qodef-e qodef-image-wrapper swiper-slide \">\n\t\t\t<div class=\"qodef-e-image\">\n\t\t\t<img fetchpriority=\"high\" decoding=\"async\" width=\"850\" height=\"550\" src=\"https:\/\/westlakevinhphuc.com\/wp-content\/uploads\/2024\/08\/zGIO_4862-1.jpg\" class=\"attachment-full size-full\" alt=\"\" srcset=\"https:\/\/westlakevinhphuc.com\/wp-content\/uploads\/2024\/08\/zGIO_4862-1.jpg 850w, https:\/\/westlakevinhphuc.com\/wp-content\/uploads\/2024\/08\/zGIO_4862-1-300x194.jpg 300w, https:\/\/westlakevinhphuc.com\/wp-content\/uploads\/2024\/08\/zGIO_4862-1-768x497.jpg 768w\" sizes=\"(max-width: 850px) 100vw, 850px\" \/>\t\t<\/div>\n\t\t\t\t\t<div class=\"qodef-e-caption\">\n\t\t\t\t\t\t\t<\/div>\n\t\t\t<\/div>\n<div class=\"qodef-e qodef-image-wrapper swiper-slide \">\n\t\t\t<div class=\"qodef-e-image\">\n\t\t\t<img decoding=\"async\" width=\"850\" height=\"550\" src=\"https:\/\/westlakevinhphuc.com\/wp-content\/uploads\/2024\/08\/zGIO_4612-1.jpg\" class=\"attachment-full size-full\" alt=\"\" srcset=\"https:\/\/westlakevinhphuc.com\/wp-content\/uploads\/2024\/08\/zGIO_4612-1.jpg 850w, https:\/\/westlakevinhphuc.com\/wp-content\/uploads\/2024\/08\/zGIO_4612-1-300x194.jpg 300w, https:\/\/westlakevinhphuc.com\/wp-content\/uploads\/2024\/08\/zGIO_4612-1-768x497.jpg 768w\" sizes=\"(max-width: 850px) 100vw, 850px\" \/>\t\t<\/div>\n\t\t\t\t\t<div class=\"qodef-e-caption\">\n\t\t\t\t\t\t\t<\/div>\n\t\t\t<\/div>\n<div class=\"qodef-e qodef-image-wrapper swiper-slide \">\n\t\t\t<div class=\"qodef-e-image\">\n\t\t\t<img decoding=\"async\" width=\"850\" height=\"550\" src=\"https:\/\/westlakevinhphuc.com\/wp-content\/uploads\/2024\/08\/zGIO_4845-1-1.jpg\" class=\"attachment-full size-full\" alt=\"\" srcset=\"https:\/\/westlakevinhphuc.com\/wp-content\/uploads\/2024\/08\/zGIO_4845-1-1.jpg 850w, https:\/\/westlakevinhphuc.com\/wp-content\/uploads\/2024\/08\/zGIO_4845-1-1-300x194.jpg 300w, https:\/\/westlakevinhphuc.com\/wp-content\/uploads\/2024\/08\/zGIO_4845-1-1-768x497.jpg 768w\" sizes=\"(max-width: 850px) 100vw, 850px\" \/>\t\t<\/div>\n\t\t\t\t\t<div class=\"qodef-e-caption\">\n\t\t\t\t\t\t\t<\/div>\n\t\t\t<\/div>\n<div class=\"qodef-e qodef-image-wrapper swiper-slide \">\n\t\t\t<div class=\"qodef-e-image\">\n\t\t\t<img loading=\"lazy\" decoding=\"async\" width=\"850\" height=\"550\" src=\"https:\/\/westlakevinhphuc.com\/wp-content\/uploads\/2024\/08\/zGIO_4536-1.jpg\" class=\"attachment-full size-full\" alt=\"\" srcset=\"https:\/\/westlakevinhphuc.com\/wp-content\/uploads\/2024\/08\/zGIO_4536-1.jpg 850w, https:\/\/westlakevinhphuc.com\/wp-content\/uploads\/2024\/08\/zGIO_4536-1-300x194.jpg 300w, https:\/\/westlakevinhphuc.com\/wp-content\/uploads\/2024\/08\/zGIO_4536-1-768x497.jpg 768w\" sizes=\"(max-width: 850px) 100vw, 850px\" \/>\t\t<\/div>\n\t\t\t\t\t<div class=\"qodef-e-caption\">\n\t\t\t\t\t\t\t<\/div>\n\t\t\t<\/div>\n<div class=\"qodef-e qodef-image-wrapper swiper-slide \">\n\t\t\t<div class=\"qodef-e-image\">\n\t\t\t<img loading=\"lazy\" decoding=\"async\" width=\"850\" height=\"550\" src=\"https:\/\/westlakevinhphuc.com\/wp-content\/uploads\/2024\/08\/zGIO_4541-1.jpg\" class=\"attachment-full size-full\" alt=\"\" srcset=\"https:\/\/westlakevinhphuc.com\/wp-content\/uploads\/2024\/08\/zGIO_4541-1.jpg 850w, https:\/\/westlakevinhphuc.com\/wp-content\/uploads\/2024\/08\/zGIO_4541-1-300x194.jpg 300w, https:\/\/westlakevinhphuc.com\/wp-content\/uploads\/2024\/08\/zGIO_4541-1-768x497.jpg 768w\" sizes=\"(max-width: 850px) 100vw, 850px\" \/>\t\t<\/div>\n\t\t\t\t\t<div class=\"qodef-e-caption\">\n\t\t\t\t\t\t\t<\/div>\n\t\t\t<\/div>\n<div class=\"qodef-e qodef-image-wrapper swiper-slide \">\n\t\t\t<div class=\"qodef-e-image\">\n\t\t\t<img loading=\"lazy\" decoding=\"async\" width=\"850\" height=\"550\" src=\"https:\/\/westlakevinhphuc.com\/wp-content\/uploads\/2024\/08\/123-1.jpg\" class=\"attachment-full size-full\" alt=\"\" srcset=\"https:\/\/westlakevinhphuc.com\/wp-content\/uploads\/2024\/08\/123-1.jpg 850w, https:\/\/westlakevinhphuc.com\/wp-content\/uploads\/2024\/08\/123-1-300x194.jpg 300w, https:\/\/westlakevinhphuc.com\/wp-content\/uploads\/2024\/08\/123-1-768x497.jpg 768w\" sizes=\"(max-width: 850px) 100vw, 850px\" \/>\t\t<\/div>\n\t\t\t\t\t<div class=\"qodef-e-caption\">\n\t\t\t\t\t\t\t<\/div>\n\t\t\t<\/div>\n\t<\/div>\n\t\t<\/div>\n\t\t<\/div>\n\t\t\t\t<\/div>\n\t\t\t\t<\/div>\n\t\t<div class=\"elementor-element elementor-element-8dc3116 e-con-full qodef-elementor-content-grid e-flex e-con e-parent\" data-id=\"8dc3116\" data-element_type=\"container\">\n\t\t\t\t<div class=\"elementor-element elementor-element-e84e652 elementor-widget elementor-widget-carsten_core_section_title\" data-id=\"e84e652\" data-element_type=\"widget\" data-widget_type=\"carsten_core_section_title.default\">\n\t\t\t\t<div class=\"elementor-widget-container\">\n\t\t\t<div class=\"qodef-shortcode qodef-m  qodef-section-title qodef-alignment--center \">\n\t\t<h2 class=\"qodef-m-title\" style=\"text-transform: uppercase\">\n\t\t\t\t\tDreamland Premium Kids Cafe\t\t\t<\/h2>\n\t\t<\/div>\n\t\t<\/div>\n\t\t\t\t<\/div>\n\t\t\t\t<\/div>\n\t\t<div class=\"elementor-element elementor-element-8b17917 e-con-full e-flex e-con e-parent\" data-id=\"8b17917\" data-element_type=\"container\">\n\t\t<div class=\"elementor-element elementor-element-0b629cb e-con-full qodef-elementor-content-grid e-flex e-con e-child\" data-id=\"0b629cb\" data-element_type=\"container\">\n\t\t\t\t<div class=\"elementor-element elementor-element-666169c elementor-widget__width-inherit elementor-widget elementor-widget-carsten_core_icon_with_text\" data-id=\"666169c\" data-element_type=\"widget\" data-widget_type=\"carsten_core_icon_with_text.default\">\n\t\t\t\t<div class=\"elementor-widget-container\">\n\t\t\t<div class=\"qodef-shortcode qodef-m  qodef-icon-with-text qodef-layout--top qodef--icon-pack  qodef-alignment--left \">\n\t<div class=\"qodef-m-icon-wrapper\" style=\"margin: -6px 0px 0px 0px\">\n\t\t<span class=\"qodef-shortcode qodef-m  qodef-icon-holder qodef-size--default qodef-layout--normal\"  >\t\t\t<span class=\"qodef-icon-font-awesome fa fa-children qodef-icon qodef-e\" style=\"font-size: 70px\" ><\/span>\t<\/span>\t<\/div>\n\t<div class=\"qodef-m-content\">\n\t\t\t\t\t<h5 class=\"qodef-m-title\" style=\"margin-top: 22px\">\n\t\t\t\t\t<span class=\"qodef-m-title-text\">Diverse games<\/span>\n\t\t\t<\/h5>\n\t\t\t<p class=\"qodef-m-text\" style=\"margin-top: 4px\">\u0110\u01b0\u1ee3c s\u00e1ng l\u1eadp v\u1edbi mong mu\u1ed1n t\u1ea1o n\u00ean m\u1ed9t kh\u00f4ng gian h\u1ea1nh ph\u00fac d\u00e0nh ri\u00eang cho nh\u1eefng gia \u0111\u00ecnh c\u00f3 con nh\u1ecf, n\u01a1i \u0111\u00e2y l\u00e0 khu vui ch\u01a1i cao c\u1ea5p, k\u1ebft h\u1ee3p nh\u00e0 h\u00e0ng cafe d\u00e0nh cho m\u1ecdi l\u1ee9a tu\u1ed5i<\/p>\n\t<\/div>\n<\/div>\n\t\t<\/div>\n\t\t\t\t<\/div>\n\t\t\t\t<div class=\"elementor-element elementor-element-07c3ecd elementor-widget__width-inherit elementor-widget elementor-widget-carsten_core_icon_with_text\" data-id=\"07c3ecd\" data-element_type=\"widget\" data-widget_type=\"carsten_core_icon_with_text.default\">\n\t\t\t\t<div class=\"elementor-widget-container\">\n\t\t\t<div class=\"qodef-shortcode qodef-m  qodef-icon-with-text qodef-layout--top qodef--icon-pack  qodef-alignment--left \">\n\t<div class=\"qodef-m-icon-wrapper\" >\n\t\t<span class=\"qodef-shortcode qodef-m  qodef-icon-holder qodef-size--default qodef-layout--normal\"  >\t\t\t<span class=\"qodef-icon-font-awesome fa fa-star qodef-icon qodef-e\" style=\"font-size: 70px\" ><\/span>\t<\/span>\t<\/div>\n\t<div class=\"qodef-m-content\">\n\t\t\t\t\t<h5 class=\"qodef-m-title\" style=\"margin-top: 22px\">\n\t\t\t\t\t<span class=\"qodef-m-title-text\">Professional service<\/span>\n\t\t\t<\/h5>\n\t\t\t<p class=\"qodef-m-text\" style=\"margin-top: 4px\">Dedicated, professional and experienced staff<\/p>\n\t<\/div>\n<\/div>\n\t\t<\/div>\n\t\t\t\t<\/div>\n\t\t\t\t<div class=\"elementor-element elementor-element-eed7b11 elementor-widget__width-inherit elementor-widget elementor-widget-carsten_core_icon_with_text\" data-id=\"eed7b11\" data-element_type=\"widget\" data-widget_type=\"carsten_core_icon_with_text.default\">\n\t\t\t\t<div class=\"elementor-widget-container\">\n\t\t\t<div class=\"qodef-shortcode qodef-m  qodef-icon-with-text qodef-layout--top qodef--icon-pack  qodef-alignment--left \">\n\t<div class=\"qodef-m-icon-wrapper\" style=\"margin: 10px 0px 0px 0px\">\n\t\t<span class=\"qodef-shortcode qodef-m  qodef-icon-holder qodef-size--default qodef-layout--normal\"  >\t\t\t<span class=\"qodef-icon-font-awesome fa fa-square-parking qodef-icon qodef-e\" style=\"font-size: 70px\" ><\/span>\t<\/span>\t<\/div>\n\t<div class=\"qodef-m-content\">\n\t\t\t\t\t<h5 class=\"qodef-m-title\" style=\"margin-top: 22px\">\n\t\t\t\t\t<span class=\"qodef-m-title-text\">Parking area<\/span>\n\t\t\t<\/h5>\n\t\t\t<p class=\"qodef-m-text\" style=\"margin-top: 4px\">Has spacious, safe parking for motorbikes and cars<\/p>\n\t<\/div>\n<\/div>\n\t\t<\/div>\n\t\t\t\t<\/div>\n\t\t\t\t<\/div>\n\t\t\t\t<\/div>\n\t\t<div class=\"elementor-element elementor-element-f94c926 e-con-full e-flex e-con e-parent\" data-id=\"f94c926\" data-element_type=\"container\">\n\t\t<div data-dce-background-image-url=\"https:\/\/westlakevinhphuc.com\/wp-content\/uploads\/2024\/08\/zGIO_4845-1-scaled.jpg\" class=\"elementor-element elementor-element-587b62e e-con-full e-flex e-con e-child\" data-id=\"587b62e\" data-element_type=\"container\" data-settings=\"{&quot;background_background&quot;:&quot;classic&quot;}\">\n\t\t\t\t<\/div>\n\t\t<div data-dce-background-color=\"#F2F2F2\" class=\"elementor-element elementor-element-f31acaa e-con-full e-flex e-con e-child\" data-id=\"f31acaa\" data-element_type=\"container\" data-settings=\"{&quot;background_background&quot;:&quot;classic&quot;}\">\n\t\t<div class=\"elementor-element elementor-element-e11cfdc e-con-full e-flex e-con e-child\" data-id=\"e11cfdc\" data-element_type=\"container\">\n\t\t\t\t<div class=\"elementor-element elementor-element-0771622 elementor-widget__width-initial elementor-widget elementor-widget-carsten_core_section_title\" data-id=\"0771622\" data-element_type=\"widget\" data-widget_type=\"carsten_core_section_title.default\">\n\t\t\t\t<div class=\"elementor-widget-container\">\n\t\t\t<div class=\"qodef-shortcode qodef-m  qodef-section-title qodef-alignment--left \">\n\t\t<h4 class=\"qodef-m-title\" style=\"text-transform: uppercase\">\n\t\t\t\t\tWestlake Hotel &amp; Resort Vinh Phuc\t\t\t<\/h4>\n\t\t\t<p class=\"qodef-m-text\" style=\"margin-top: 12px\">Experience diverse amenities to make your vacation more memorable at Westlake Hotel &amp; Resort Vinh Phuc<\/p>\n<\/div>\n\t\t<\/div>\n\t\t\t\t<\/div>\n\t\t\t\t<\/div>\n\t\t\t\t<\/div>\n\t\t\t\t<\/div>\n\t\t\t\t<\/div>\n\t\t","protected":false},"excerpt":{"rendered":"<p>Opening hours 06:30 &#8211; 22:00 Hotline: (+84) 211 633 5666 \/ (+84) 328 310 658 Founded with the desire to create a Happy Space for families with young children, this place is a high end play area, combined with a cafe restaurant for all ages. When you come to Dreamland Premium Kids Caf\u00e9, you will [&hellip;]<\/p>\n","protected":false},"author":1,"featured_media":14922,"parent":15240,"menu_order":0,"comment_status":"closed","ping_status":"closed","template":"page-full-width.php","meta":{"_acf_changed":false,"footnotes":""},"class_list":["post-15232","page","type-page","status-publish","has-post-thumbnail","hentry"],"acf":[],"_links":{"self":[{"href":"https:\/\/westlakevinhphuc.com\/en\/wp-json\/wp\/v2\/pages\/15232","targetHints":{"allow":["GET"]}}],"collection":[{"href":"https:\/\/westlakevinhphuc.com\/en\/wp-json\/wp\/v2\/pages"}],"about":[{"href":"https:\/\/westlakevinhphuc.com\/en\/wp-json\/wp\/v2\/types\/page"}],"author":[{"embeddable":true,"href":"https:\/\/westlakevinhphuc.com\/en\/wp-json\/wp\/v2\/users\/1"}],"replies":[{"embeddable":true,"href":"https:\/\/westlakevinhphuc.com\/en\/wp-json\/wp\/v2\/comments?post=15232"}],"version-history":[{"count":2,"href":"https:\/\/westlakevinhphuc.com\/en\/wp-json\/wp\/v2\/pages\/15232\/revisions"}],"predecessor-version":[{"id":15456,"href":"https:\/\/westlakevinhphuc.com\/en\/wp-json\/wp\/v2\/pages\/15232\/revisions\/15456"}],"up":[{"embeddable":true,"href":"https:\/\/westlakevinhphuc.com\/en\/wp-json\/wp\/v2\/pages\/15240"}],"wp:featuredmedia":[{"embeddable":true,"href":"https:\/\/westlakevinhphuc.com\/en\/wp-json\/wp\/v2\/media\/14922"}],"wp:attachment":[{"href":"https:\/\/westlakevinhphuc.com\/en\/wp-json\/wp\/v2\/media?parent=15232"}],"curies":[{"name":"wp","href":"https:\/\/api.w.org\/{rel}","templated":true}]}}