{"id":15214,"date":"2023-11-23T02:21:42","date_gmt":"2023-11-22T19:21:42","guid":{"rendered":"https:\/\/westlakevinhphuc.com\/news\/"},"modified":"2024-09-13T10:11:38","modified_gmt":"2024-09-13T03:11:38","slug":"news","status":"publish","type":"page","link":"https:\/\/westlakevinhphuc.com\/en\/news\/","title":{"rendered":"News"},"content":{"rendered":"\t\t<div data-elementor-type=\"wp-page\" data-elementor-id=\"15214\" class=\"elementor elementor-15214 elementor-195\" data-elementor-post-type=\"page\">\n\t\t\t\t<div class=\"elementor-element elementor-element-e711714 e-con-full e-flex e-con e-parent\" data-id=\"e711714\" data-element_type=\"container\">\n\t\t\t\t<div class=\"elementor-element elementor-element-f10af8f elementor-widget elementor-widget-carsten_core_blog_list\" data-id=\"f10af8f\" data-element_type=\"widget\" data-widget_type=\"carsten_core_blog_list.default\">\n\t\t\t\t<div class=\"elementor-widget-container\">\n\t\t\t<div class=\"qodef-shortcode qodef-m  qodef-blog qodef--list qodef-item-layout--standard qodef-grid qodef-layout--columns   qodef-vertical-gutter--custom qodef-col-num--1 qodef-item-layout--standard qodef-pagination--on qodef-pagination-type--standard qodef-responsive--predefined\" style=\"--qode-vertical-gutter-custom: 100px;--qode-vertical-gutter-custom-1512: 100px;--qode-vertical-gutter-custom-1200: 100px;--qode-vertical-gutter-custom-880: 100px;--qode-vertical-gutter-custom-680: 100px\" data-options=\"{&quot;plugin&quot;:&quot;carsten_core&quot;,&quot;module&quot;:&quot;blog\\\/shortcodes&quot;,&quot;shortcode&quot;:&quot;blog-list&quot;,&quot;post_type&quot;:&quot;post&quot;,&quot;next_page&quot;:&quot;2&quot;,&quot;max_pages_num&quot;:1,&quot;behavior&quot;:&quot;columns&quot;,&quot;images_proportion&quot;:&quot;full&quot;,&quot;columns&quot;:&quot;1&quot;,&quot;columns_responsive&quot;:&quot;predefined&quot;,&quot;vertical_space&quot;:&quot;custom&quot;,&quot;vertical_space_custom&quot;:&quot;100px&quot;,&quot;vertical_space_custom_1512&quot;:&quot;100px&quot;,&quot;vertical_space_custom_1200&quot;:&quot;100px&quot;,&quot;vertical_space_custom_880&quot;:&quot;100px&quot;,&quot;vertical_space_custom_680&quot;:&quot;100px&quot;,&quot;posts_per_page&quot;:&quot;5&quot;,&quot;orderby&quot;:&quot;date&quot;,&quot;order&quot;:&quot;DESC&quot;,&quot;additional_params&quot;:&quot;tax&quot;,&quot;tax&quot;:&quot;category&quot;,&quot;tax_slug&quot;:&quot;tin-tuc&quot;,&quot;layout&quot;:&quot;standard&quot;,&quot;title_tag&quot;:&quot;h2&quot;,&quot;text_transform&quot;:&quot;uppercase&quot;,&quot;excerpt_length&quot;:&quot;282&quot;,&quot;pagination_type&quot;:&quot;standard&quot;,&quot;object_class_name&quot;:&quot;CarstenCore_Blog_List_Shortcode&quot;,&quot;taxonomy_filter&quot;:&quot;category&quot;,&quot;additional_query_args&quot;:{&quot;tax_query&quot;:[{&quot;taxonomy&quot;:&quot;category&quot;,&quot;field&quot;:&quot;slug&quot;,&quot;terms&quot;:&quot;tin-tuc&quot;}]},&quot;holder_styles&quot;:{&quot;vertical_custom&quot;:&quot;--qode-vertical-gutter-custom: 100px&quot;,&quot;vertical_custom_1512&quot;:&quot;--qode-vertical-gutter-custom-1512: 100px&quot;,&quot;vertical_custom_1200&quot;:&quot;--qode-vertical-gutter-custom-1200: 100px&quot;,&quot;vertical_custom_880&quot;:&quot;--qode-vertical-gutter-custom-880: 100px&quot;,&quot;vertical_custom_680&quot;:&quot;--qode-vertical-gutter-custom-680: 100px&quot;}}\">\n\t\t<div class=\"qodef-grid-inner\">\n\t\t<article class=\"qodef-e qodef-blog-item qodef-grid-item qodef-item--full post-15788 post type-post status-publish format-standard has-post-thumbnail hentry category-news\">\n\t<div class=\"qodef-e-inner\">\n\t\t<div class=\"qodef-e-media\">\n\t\t<div class=\"qodef-e-media-image\">\n\t\t<a itemprop=\"url\" href=\"https:\/\/westlakevinhphuc.com\/en\/westlake-hotel-resort-vinh-phuc-a-raw-gem-amidst-the-mountains-and-forests-of-vinh-phuc\/\">\n\t\t\t<img fetchpriority=\"high\" decoding=\"async\" width=\"2100\" height=\"1200\" src=\"https:\/\/westlakevinhphuc.com\/wp-content\/uploads\/2024\/11\/MW04@3x.jpg\" class=\"attachment-full size-full wp-post-image\" alt=\"\" srcset=\"https:\/\/westlakevinhphuc.com\/wp-content\/uploads\/2024\/11\/MW04@3x.jpg 2100w, https:\/\/westlakevinhphuc.com\/wp-content\/uploads\/2024\/11\/MW04@3x-300x171.jpg 300w, https:\/\/westlakevinhphuc.com\/wp-content\/uploads\/2024\/11\/MW04@3x-1024x585.jpg 1024w, https:\/\/westlakevinhphuc.com\/wp-content\/uploads\/2024\/11\/MW04@3x-768x439.jpg 768w, https:\/\/westlakevinhphuc.com\/wp-content\/uploads\/2024\/11\/MW04@3x-1536x878.jpg 1536w, https:\/\/westlakevinhphuc.com\/wp-content\/uploads\/2024\/11\/MW04@3x-2048x1170.jpg 2048w\" sizes=\"(max-width: 2100px) 100vw, 2100px\" \/>\t\t<\/a>\n\t<\/div>\n<\/div>\n\t\t<div class=\"qodef-e-content\">\n\t\t\t<div class=\"qodef-e-top-holder\">\n\t\t\t\t<div class=\"qodef-e-info\">\n\t\t\t\t\t<a itemprop=\"dateCreated\" href=\"https:\/\/westlakevinhphuc.com\/en\/2024\/11\/\" class=\"entry-date \">\n\tNovember 23, 2024<\/a><div class=\"qodef-info-separator-end\"><\/div>\n<div class=\"qodef-e-categories\">\n    <a href=\"https:\/\/westlakevinhphuc.com\/en\/category\/news\/\" rel=\"tag\">News<\/a>    <div class=\"qodef-info-separator-end\"><\/div>\n<\/div>\n\t\t\t\t<\/div>\n\t\t\t<\/div>\n\t\t\t<div class=\"qodef-e-text\">\n\t\t\t\t<h2 itemprop=\"name\" class=\"qodef-e-title entry-title\" style=\"text-transform: uppercase\">\n\t<a itemprop=\"url\" class=\"qodef-e-title-link\" href=\"https:\/\/westlakevinhphuc.com\/en\/westlake-hotel-resort-vinh-phuc-a-raw-gem-amidst-the-mountains-and-forests-of-vinh-phuc\/\">\n\t\tWESTLAKE HOTEL &#038; RESORT V\u0128NH PH\u00daC &#8211; A RAW GEM AMIDST THE MOUNTAINS AND FORESTS OF V\u0128NH PH\u00daC\t<\/a>\n<\/h2>\n\t\t<p itemprop=\"description\" class=\"qodef-e-excerpt\">Nestled in the heart of Vinh Yen city, by the picturesque \u0110\u1ea7m V\u1ea1c Lake, Westlake Hotel &amp; Resort Vinh Phuc is a harmonious blend of classical elegance in its accommodations and the stunning beauty of nature. This &#8220;raw gem&#8221; is the perfect destination for those se<\/p>\n\t\t\t\t\t<\/div>\n\t\t\t<div class=\"qodef-e-bottom-holder\">\n                \t<div class=\"qodef-e-read-more\">\n\t\t<a class=\"qodef-shortcode qodef-m  qodef-button qodef-layout--filled  qodef-html--link\" href=\"https:\/\/westlakevinhphuc.com\/en\/westlake-hotel-resort-vinh-phuc-a-raw-gem-amidst-the-mountains-and-forests-of-vinh-phuc\/\" target=\"_self\" >\t<span class=\"qodef-m-text\">Read More<\/span><\/a>\t<\/div>\n\t\t\t<\/div>\n\t\t<\/div>\n\t<\/div>\n<\/article>\n<article class=\"qodef-e qodef-blog-item qodef-grid-item qodef-item--full post-15730 post type-post status-publish format-standard hentry category-news\">\n\t<div class=\"qodef-e-inner\">\n\t\t<div class=\"qodef-e-media\">\n\t<\/div>\n\t\t<div class=\"qodef-e-content\">\n\t\t\t<div class=\"qodef-e-top-holder\">\n\t\t\t\t<div class=\"qodef-e-info\">\n\t\t\t\t\t<a itemprop=\"dateCreated\" href=\"https:\/\/westlakevinhphuc.com\/en\/2024\/11\/\" class=\"entry-date \">\n\tNovember 18, 2024<\/a><div class=\"qodef-info-separator-end\"><\/div>\n<div class=\"qodef-e-categories\">\n    <a href=\"https:\/\/westlakevinhphuc.com\/en\/category\/news\/\" rel=\"tag\">News<\/a>    <div class=\"qodef-info-separator-end\"><\/div>\n<\/div>\n\t\t\t\t<\/div>\n\t\t\t<\/div>\n\t\t\t<div class=\"qodef-e-text\">\n\t\t\t\t<h2 itemprop=\"name\" class=\"qodef-e-title entry-title\" style=\"text-transform: uppercase\">\n\t<a itemprop=\"url\" class=\"qodef-e-title-link\" href=\"https:\/\/westlakevinhphuc.com\/en\/experience-luxurious-5-star-service-in-the-heart-of-north-dalat-westlake-hotel-resort-vinh-phuc\/\">\n\t\tEXPERIENCE LUXURIOUS 5-STAR SERVICE IN THE HEART OF &#8220;NORTH DALAT&#8221; &#8211; WESTLAKE HOTEL &#038; RESORT VINH PHUC\t<\/a>\n<\/h2>\n\t\t<p itemprop=\"description\" class=\"qodef-e-excerpt\">Nestled near the capital city of Hanoi, Vinh Phuc is celebrated as a paradise for relaxation, often referred to as &#8220;North Dalat.&#8221; Situated in this picturesque region, Westlake Hotel &amp; Resort Vinh Phuc is not merely a hotel; it is a \u201cgem\u201d that offers an ideal ret<\/p>\n\t\t\t\t\t<\/div>\n\t\t\t<div class=\"qodef-e-bottom-holder\">\n                \t<div class=\"qodef-e-read-more\">\n\t\t<a class=\"qodef-shortcode qodef-m  qodef-button qodef-layout--filled  qodef-html--link\" href=\"https:\/\/westlakevinhphuc.com\/en\/experience-luxurious-5-star-service-in-the-heart-of-north-dalat-westlake-hotel-resort-vinh-phuc\/\" target=\"_self\" >\t<span class=\"qodef-m-text\">Read More<\/span><\/a>\t<\/div>\n\t\t\t<\/div>\n\t\t<\/div>\n\t<\/div>\n<\/article>\n\t<\/div>\n\t<\/div>\n\t\t<\/div>\n\t\t\t\t<\/div>\n\t\t\t\t<\/div>\n\t\t\t\t<\/div>\n\t\t","protected":false},"excerpt":{"rendered":"<p>No posts were found for provided query parameters.<\/p>\n","protected":false},"author":1,"featured_media":0,"parent":0,"menu_order":0,"comment_status":"closed","ping_status":"closed","template":"","meta":{"_acf_changed":false,"footnotes":""},"class_list":["post-15214","page","type-page","status-publish","hentry"],"acf":[],"_links":{"self":[{"href":"https:\/\/westlakevinhphuc.com\/en\/wp-json\/wp\/v2\/pages\/15214","targetHints":{"allow":["GET"]}}],"collection":[{"href":"https:\/\/westlakevinhphuc.com\/en\/wp-json\/wp\/v2\/pages"}],"about":[{"href":"https:\/\/westlakevinhphuc.com\/en\/wp-json\/wp\/v2\/types\/page"}],"author":[{"embeddable":true,"href":"https:\/\/westlakevinhphuc.com\/en\/wp-json\/wp\/v2\/users\/1"}],"replies":[{"embeddable":true,"href":"https:\/\/westlakevinhphuc.com\/en\/wp-json\/wp\/v2\/comments?post=15214"}],"version-history":[{"count":1,"href":"https:\/\/westlakevinhphuc.com\/en\/wp-json\/wp\/v2\/pages\/15214\/revisions"}],"predecessor-version":[{"id":15215,"href":"https:\/\/westlakevinhphuc.com\/en\/wp-json\/wp\/v2\/pages\/15214\/revisions\/15215"}],"wp:attachment":[{"href":"https:\/\/westlakevinhphuc.com\/en\/wp-json\/wp\/v2\/media?parent=15214"}],"curies":[{"name":"wp","href":"https:\/\/api.w.org\/{rel}","templated":true}]}}